{"id":1686,"date":"2024-10-30T21:58:58","date_gmt":"2024-10-30T20:58:58","guid":{"rendered":"https:\/\/atelierkontakt.com\/acceuil\/?page_id=1686"},"modified":"2025-12-23T18:35:43","modified_gmt":"2025-12-23T17:35:43","slug":"photos","status":"publish","type":"page","link":"https:\/\/atelierkontakt.com\/acceuil\/?page_id=1686","title":{"rendered":"ABOUT"},"content":{"rendered":"<p class=\"attachment\"><a href='https:\/\/atelierkontakt.com\/wp-content\/uploads\/2025\/02\/000054.jpg'><img fetchpriority=\"high\" decoding=\"async\" width=\"300\" height=\"202\" src=\"https:\/\/atelierkontakt.com\/wp-content\/uploads\/2025\/02\/000054-300x202.jpg\" class=\"attachment-medium size-medium\" alt=\"\" srcset=\"https:\/\/atelierkontakt.com\/wp-content\/uploads\/2025\/02\/000054-300x202.jpg 300w, https:\/\/atelierkontakt.com\/wp-content\/uploads\/2025\/02\/000054-1024x690.jpg 1024w, https:\/\/atelierkontakt.com\/wp-content\/uploads\/2025\/02\/000054-768x517.jpg 768w, https:\/\/atelierkontakt.com\/wp-content\/uploads\/2025\/02\/000054-1536x1035.jpg 1536w, https:\/\/atelierkontakt.com\/wp-content\/uploads\/2025\/02\/000054-2048x1379.jpg 2048w\" sizes=\"(max-width: 300px) 100vw, 300px\" \/><\/a><\/p>\n\t\t<div data-elementor-type=\"wp-page\" data-elementor-id=\"1686\" class=\"elementor elementor-1686\">\n\t\t\t\t<div class=\"elementor-element elementor-element-a6a490c e-flex e-con-boxed wpr-particle-no wpr-jarallax-no wpr-parallax-no wpr-sticky-section-no e-con e-parent\" data-id=\"a6a490c\" data-element_type=\"container\" data-e-type=\"container\">\n\t\t\t\t\t<div class=\"e-con-inner\">\n\t\t\t\t\t<\/div>\n\t\t\t\t<\/div>\n\t\t<div class=\"elementor-element elementor-element-621b176 e-flex e-con-boxed wpr-particle-no wpr-jarallax-no wpr-parallax-no wpr-sticky-section-no e-con e-parent\" data-id=\"621b176\" data-element_type=\"container\" data-e-type=\"container\">\n\t\t\t\t\t<div class=\"e-con-inner\">\n\t\t\t\t\t<\/div>\n\t\t\t\t<\/div>\n\t\t<div class=\"elementor-element elementor-element-4a157413 e-flex e-con-boxed wpr-particle-no wpr-jarallax-no wpr-parallax-no wpr-sticky-section-no e-con e-parent\" data-id=\"4a157413\" data-element_type=\"container\" data-e-type=\"container\">\n\t\t\t\t\t<div class=\"e-con-inner\">\n\t\t\t\t<div class=\"elementor-element elementor-element-47a8a623 elementor-widget elementor-widget-text-editor\" data-id=\"47a8a623\" data-element_type=\"widget\" data-e-type=\"widget\" data-widget_type=\"text-editor.default\">\n\t\t\t\t<div class=\"elementor-widget-container\">\n\t\t\t\t\t\t\t\t\t<div class=\"wp-block-kadence-column kadence-column1686_a80e14-41 kb-section-dir-vertical inner-column-1\"><div class=\"kt-inside-inner-col\"><div class=\"wp-block-kadence-column kadence-column1686_3b4d1f-18\"><div>\u00a0<\/div><div>\u00a0<\/div><div class=\"kt-inside-inner-col\"><b>\u00c0 l&rsquo;atelier ou lors d&rsquo;un voyage, mon travail s&rsquo;appuie sur des rencontres avec des artisans, cr\u00e9ateurs et habitants.<\/b><\/div><\/div><\/div><\/div><div>\u00a0<\/div><div>\u00a0<\/div><div><b>Mon proc\u00e9d\u00e9 de conception d\u00e9bute par une analyse photographique de mon environnement. Le d\u00e9veloppement et la s\u00e9lection de mes prises me servent \u00e0 esquisser et \u00e0 cr\u00e9er une forme via des logiciels de 3D.<\/b><\/div><div>\u00a0<\/div><div>\u00a0<\/div><div><b>Je cr\u00e9e des moules en bois ou en m\u00e9tal pour donner une forme r\u00e9guli\u00e8re \u00e0 mes cr\u00e9ations, proc\u00e9d\u00e9s que je r\u00e9alise sur des logiciels de CAO.<\/b><\/div><div class=\"wp-block-kadence-column kadence-column1686_a80e14-41 kb-section-dir-vertical inner-column-1\"><div class=\"kt-inside-inner-col\"><div class=\"wp-block-kadence-column kadence-column1686_3b4d1f-18\"><div>\u00a0<\/div><\/div><div class=\"wp-block-kadence-column kadence-column1686_1c8c40-65\"><div class=\"kt-inside-inner-col\">\u00a0<\/div><\/div><div class=\"wp-block-kadence-column kadence-column1686_1606ea-d8\"><div class=\"kt-inside-inner-col\">\u00a0<\/div><\/div><div class=\"wp-block-kadence-column kadence-column1686_3efa02-84\"><div class=\"kt-inside-inner-col\">\u00a0<\/div><\/div><\/div><\/div><p><!-- \/wp:kadence\/column --><!-- \/wp:kadence\/rowlayout --><\/p>\t\t\t\t\t\t\t\t<\/div>\n\t\t\t\t<\/div>\n\t\t\t\t\t<\/div>\n\t\t\t\t<\/div>\n\t\t<div class=\"elementor-element elementor-element-f370aa0 e-flex e-con-boxed wpr-particle-no wpr-jarallax-no wpr-parallax-no wpr-sticky-section-no e-con e-parent\" data-id=\"f370aa0\" data-element_type=\"container\" data-e-type=\"container\">\n\t\t\t\t\t<div class=\"e-con-inner\">\n\t\t\t\t\t<\/div>\n\t\t\t\t<\/div>\n\t\t<div class=\"elementor-element elementor-element-331a720 e-flex e-con-boxed wpr-particle-no wpr-jarallax-no wpr-parallax-no wpr-sticky-section-no e-con e-parent\" data-id=\"331a720\" data-element_type=\"container\" data-e-type=\"container\">\n\t\t\t\t\t<div class=\"e-con-inner\">\n\t\t\t\t\t<\/div>\n\t\t\t\t<\/div>\n\t\t\t\t<section class=\"elementor-section elementor-top-section elementor-element elementor-element-6647514d0 elementor-section-height-min-height elementor-section-boxed elementor-section-height-default elementor-section-items-middle wpr-particle-no wpr-jarallax-no wpr-parallax-no wpr-sticky-section-no\" data-id=\"6647514d0\" data-element_type=\"section\" data-e-type=\"section\" data-settings=\"{&quot;background_background&quot;:&quot;classic&quot;}\">\n\t\t\t\t\t\t\t<div class=\"elementor-background-overlay\"><\/div>\n\t\t\t\t\t\t\t<div class=\"elementor-container elementor-column-gap-default\">\n\t\t\t\t\t<div class=\"elementor-column elementor-col-100 elementor-top-column elementor-element elementor-element-66ab91e5\" data-id=\"66ab91e5\" data-element_type=\"column\" data-e-type=\"column\" data-settings=\"{&quot;background_background&quot;:&quot;classic&quot;}\">\n\t\t\t<div class=\"elementor-widget-wrap elementor-element-populated\">\n\t\t\t\t\t\t<div class=\"elementor-element elementor-element-7b5c70 elementor-widget elementor-widget-heading\" data-id=\"7b5c70\" data-element_type=\"widget\" data-e-type=\"widget\" data-widget_type=\"heading.default\">\n\t\t\t\t<div class=\"elementor-widget-container\">\n\t\t\t\t\t<h2 class=\"elementor-heading-title elementor-size-default\">Gallery<\/h2>\t\t\t\t<\/div>\n\t\t\t\t<\/div>\n\t\t\t\t\t<\/div>\n\t\t<\/div>\n\t\t\t\t\t<\/div>\n\t\t<\/section>\n\t\t\t\t<section class=\"elementor-section elementor-top-section elementor-element elementor-element-7a777070 elementor-section-boxed elementor-section-height-default elementor-section-height-default wpr-particle-no wpr-jarallax-no wpr-parallax-no wpr-sticky-section-no\" data-id=\"7a777070\" data-element_type=\"section\" data-e-type=\"section\">\n\t\t\t\t\t\t<div class=\"elementor-container elementor-column-gap-default\">\n\t\t\t\t\t<div class=\"elementor-column elementor-col-100 elementor-top-column elementor-element elementor-element-5e6bf078\" data-id=\"5e6bf078\" data-element_type=\"column\" data-e-type=\"column\">\n\t\t\t<div class=\"elementor-widget-wrap elementor-element-populated\">\n\t\t\t\t\t\t\t<\/div>\n\t\t<\/div>\n\t\t\t\t\t<\/div>\n\t\t<\/section>\n\t\t\t\t<section class=\"elementor-section elementor-top-section elementor-element elementor-element-7b756195 elementor-section-boxed elementor-section-height-default elementor-section-height-default wpr-particle-no wpr-jarallax-no wpr-parallax-no wpr-sticky-section-no\" data-id=\"7b756195\" data-element_type=\"section\" data-e-type=\"section\">\n\t\t\t\t\t\t<div class=\"elementor-container elementor-column-gap-default\">\n\t\t\t\t\t<div class=\"elementor-column elementor-col-100 elementor-top-column elementor-element elementor-element-2d4dcdf5\" data-id=\"2d4dcdf5\" data-element_type=\"column\" data-e-type=\"column\">\n\t\t\t<div class=\"elementor-widget-wrap elementor-element-populated\">\n\t\t\t\t\t\t<div class=\"elementor-element elementor-element-26f4b9c1 elementor-widget elementor-widget-heading\" data-id=\"26f4b9c1\" data-element_type=\"widget\" data-e-type=\"widget\" data-widget_type=\"heading.default\">\n\t\t\t\t<div class=\"elementor-widget-container\">\n\t\t\t\t\t<h2 class=\"elementor-heading-title elementor-size-default\">Bougeoirs terrains villages<\/h2>\t\t\t\t<\/div>\n\t\t\t\t<\/div>\n\t\t\t\t<div class=\"elementor-element elementor-element-42261bb3 elementor-widget elementor-widget-text-editor\" data-id=\"42261bb3\" data-element_type=\"widget\" data-e-type=\"widget\" data-widget_type=\"text-editor.default\">\n\t\t\t\t<div class=\"elementor-widget-container\">\n\t\t\t\t\t\t\t\t\t<p>59 &#8211; 9;10 &#8211; 2025<\/p>\t\t\t\t\t\t\t\t<\/div>\n\t\t\t\t<\/div>\n\t\t\t\t<div class=\"elementor-element elementor-element-299811b7 wpr-grid-columns-3 wpr-grid-columns--tablet3 wpr-grid-columns--mobile1 wpr-grid-pagination-center elementor-widget elementor-widget-wpr-media-grid\" data-id=\"299811b7\" data-element_type=\"widget\" data-e-type=\"widget\" data-widget_type=\"wpr-media-grid.default\">\n\t\t\t\t<div class=\"elementor-widget-container\">\n\t\t\t\t\t<section class=\"wpr-grid wpr-media-grid elementor-clearfix\" data-settings=\"{&quot;layout&quot;:&quot;masonry&quot;,&quot;columns_desktop&quot;:&quot;3&quot;,&quot;gutter_hr&quot;:66,&quot;gutter_hr_mobile&quot;:66,&quot;gutter_hr_mobile_extra&quot;:66,&quot;gutter_hr_tablet&quot;:66,&quot;gutter_hr_tablet_extra&quot;:66,&quot;gutter_hr_laptop&quot;:66,&quot;gutter_hr_widescreen&quot;:66,&quot;gutter_vr&quot;:74,&quot;gutter_vr_mobile&quot;:74,&quot;gutter_vr_mobile_extra&quot;:74,&quot;gutter_vr_tablet&quot;:74,&quot;gutter_vr_tablet_extra&quot;:74,&quot;gutter_vr_laptop&quot;:74,&quot;gutter_vr_widescreen&quot;:74,&quot;animation&quot;:&quot;default&quot;,&quot;animation_duration&quot;:0.7,&quot;animation_delay&quot;:0.45,&quot;deeplinking&quot;:&quot;&quot;,&quot;filters_default_filter&quot;:&quot;&quot;,&quot;filters_linkable&quot;:&quot;no&quot;,&quot;filters_count&quot;:&quot;&quot;,&quot;filters_hide_empty&quot;:&quot;no&quot;,&quot;filters_animation&quot;:&quot;default&quot;,&quot;filters_animation_duration&quot;:0.3,&quot;filters_animation_delay&quot;:0.1,&quot;pagination_type&quot;:&quot;load-more&quot;,&quot;pagination_max_pages&quot;:1,&quot;lightbox&quot;:{&quot;selector&quot;:&quot;.wpr-grid-image-wrap&quot;,&quot;iframeMaxWidth&quot;:&quot;60%&quot;,&quot;hash&quot;:false,&quot;autoplay&quot;:&quot;true&quot;,&quot;pause&quot;:5000,&quot;progressBar&quot;:&quot;true&quot;,&quot;counter&quot;:&quot;true&quot;,&quot;controls&quot;:&quot;true&quot;,&quot;getCaptionFromTitleOrAlt&quot;:&quot;true&quot;,&quot;thumbnail&quot;:&quot;&quot;,&quot;showThumbByDefault&quot;:&quot;&quot;,&quot;share&quot;:&quot;&quot;,&quot;zoom&quot;:&quot;true&quot;,&quot;fullScreen&quot;:&quot;true&quot;,&quot;download&quot;:&quot;true&quot;}}\"><article class=\"wpr-grid-item elementor-clearfix post-3267 attachment type-attachment status-inherit hentry\"><div class=\"wpr-grid-item-inner\"><div class=\"wpr-grid-media-wrap wpr-effect-size-small \"><div class=\"wpr-grid-image-wrap\" data-src=\"https:\/\/atelierkontakt.com\/wp-content\/uploads\/2025\/12\/Bougeoir-scaled.jpg\"><img decoding=\"async\" src=\"https:\/\/atelierkontakt.com\/wp-content\/uploads\/2025\/12\/Bougeoir-scaled.jpg\" alt=\"Bougeoir\" class=\"wpr-anim-timing-ease-default\"><\/div><div class=\"wpr-grid-media-hover wpr-animation-wrap\"><div class=\"wpr-grid-media-hover-bg  wpr-overlay-fade-in wpr-anim-size-large wpr-anim-timing-ease-default wpr-anim-transparency\" data-url=\"https:\/\/atelierkontakt.com\/acceuil\/?attachment_id=3267\"><\/div><div class=\"wpr-cv-container\"><div class=\"wpr-cv-outer\"><div class=\"wpr-cv-inner\"><div class=\"wpr-grid-media-hover-middle elementor-clearfix\"><div class=\"wpr-grid-item-lightbox elementor-repeater-item-f72714c wpr-grid-item-display-block wpr-grid-item-align-center wpr-element-fade-in wpr-anim-size-large wpr-anim-timing-ease-default wpr-anim-transparency\"><div class=\"inner-block\"><span data-src=\"https:\/\/atelierkontakt.com\/wp-content\/uploads\/2025\/12\/Bougeoir-scaled.jpg\"><i class=\"fas fa-search\"><\/i><\/span><div class=\"wpr-grid-lightbox-overlay\"><\/div><\/div><\/div><\/div><\/div><\/div><\/div><\/div><\/div><\/div><\/article><article class=\"wpr-grid-item elementor-clearfix post-3231 attachment type-attachment status-inherit hentry\"><div class=\"wpr-grid-item-inner\"><div class=\"wpr-grid-media-wrap wpr-effect-size-small \"><div class=\"wpr-grid-image-wrap\" data-src=\"https:\/\/atelierkontakt.com\/wp-content\/uploads\/2025\/12\/Villages.jpg\"><img decoding=\"async\" src=\"https:\/\/atelierkontakt.com\/wp-content\/uploads\/2025\/12\/Villages.jpg\" alt=\"Villages\" class=\"wpr-anim-timing-ease-default\"><\/div><div class=\"wpr-grid-media-hover wpr-animation-wrap\"><div class=\"wpr-grid-media-hover-bg  wpr-overlay-fade-in wpr-anim-size-large wpr-anim-timing-ease-default wpr-anim-transparency\" data-url=\"https:\/\/atelierkontakt.com\/acceuil\/?attachment_id=3231\"><\/div><div class=\"wpr-cv-container\"><div class=\"wpr-cv-outer\"><div class=\"wpr-cv-inner\"><div class=\"wpr-grid-media-hover-middle elementor-clearfix\"><div class=\"wpr-grid-item-lightbox elementor-repeater-item-f72714c wpr-grid-item-display-block wpr-grid-item-align-center wpr-element-fade-in wpr-anim-size-large wpr-anim-timing-ease-default wpr-anim-transparency\"><div class=\"inner-block\"><span data-src=\"https:\/\/atelierkontakt.com\/wp-content\/uploads\/2025\/12\/Villages.jpg\"><i class=\"fas fa-search\"><\/i><\/span><div class=\"wpr-grid-lightbox-overlay\"><\/div><\/div><\/div><\/div><\/div><\/div><\/div><\/div><\/div><\/div><\/article><article class=\"wpr-grid-item elementor-clearfix post-3260 attachment type-attachment status-inherit hentry\"><div class=\"wpr-grid-item-inner\"><div class=\"wpr-grid-media-wrap wpr-effect-size-small \"><div class=\"wpr-grid-image-wrap\" data-src=\"https:\/\/atelierkontakt.com\/wp-content\/uploads\/2025\/12\/Terrains.jpg\"><img decoding=\"async\" src=\"https:\/\/atelierkontakt.com\/wp-content\/uploads\/2025\/12\/Terrains.jpg\" alt=\"Terrains\" class=\"wpr-anim-timing-ease-default\"><\/div><div class=\"wpr-grid-media-hover wpr-animation-wrap\"><div class=\"wpr-grid-media-hover-bg  wpr-overlay-fade-in wpr-anim-size-large wpr-anim-timing-ease-default wpr-anim-transparency\" data-url=\"https:\/\/atelierkontakt.com\/acceuil\/?attachment_id=3260\"><\/div><div class=\"wpr-cv-container\"><div class=\"wpr-cv-outer\"><div class=\"wpr-cv-inner\"><div class=\"wpr-grid-media-hover-middle elementor-clearfix\"><div class=\"wpr-grid-item-lightbox elementor-repeater-item-f72714c wpr-grid-item-display-block wpr-grid-item-align-center wpr-element-fade-in wpr-anim-size-large wpr-anim-timing-ease-default wpr-anim-transparency\"><div class=\"inner-block\"><span data-src=\"https:\/\/atelierkontakt.com\/wp-content\/uploads\/2025\/12\/Terrains.jpg\"><i class=\"fas fa-search\"><\/i><\/span><div class=\"wpr-grid-lightbox-overlay\"><\/div><\/div><\/div><\/div><\/div><\/div><\/div><\/div><\/div><\/div><\/article><article class=\"wpr-grid-item elementor-clearfix post-1152 attachment type-attachment status-inherit hentry\"><div class=\"wpr-grid-item-inner\"><div class=\"wpr-grid-media-wrap wpr-effect-size-small \"><div class=\"wpr-grid-image-wrap\" data-src=\"https:\/\/atelierkontakt.com\/wp-content\/uploads\/2024\/10\/A002188-R1-06-7.jpg\"><img decoding=\"async\" src=\"https:\/\/atelierkontakt.com\/wp-content\/uploads\/2024\/10\/A002188-R1-06-7.jpg\" alt=\"A002188-R1-06-7\" class=\"wpr-anim-timing-ease-default\"><\/div><div class=\"wpr-grid-media-hover wpr-animation-wrap\"><div class=\"wpr-grid-media-hover-bg  wpr-overlay-fade-in wpr-anim-size-large wpr-anim-timing-ease-default wpr-anim-transparency\" data-url=\"https:\/\/atelierkontakt.com\/acceuil\/?attachment_id=1152\"><\/div><div class=\"wpr-cv-container\"><div class=\"wpr-cv-outer\"><div class=\"wpr-cv-inner\"><div class=\"wpr-grid-media-hover-middle elementor-clearfix\"><div class=\"wpr-grid-item-lightbox elementor-repeater-item-f72714c wpr-grid-item-display-block wpr-grid-item-align-center wpr-element-fade-in wpr-anim-size-large wpr-anim-timing-ease-default wpr-anim-transparency\"><div class=\"inner-block\"><span data-src=\"https:\/\/atelierkontakt.com\/wp-content\/uploads\/2024\/10\/A002188-R1-06-7.jpg\"><i class=\"fas fa-search\"><\/i><\/span><div class=\"wpr-grid-lightbox-overlay\"><\/div><\/div><\/div><\/div><\/div><\/div><\/div><\/div><\/div><\/div><\/article><article class=\"wpr-grid-item elementor-clearfix post-2074 attachment type-attachment status-inherit hentry\"><div class=\"wpr-grid-item-inner\"><div class=\"wpr-grid-media-wrap wpr-effect-size-small \"><div class=\"wpr-grid-image-wrap\" data-src=\"https:\/\/atelierkontakt.com\/wp-content\/uploads\/2025\/02\/000054.jpg\"><img decoding=\"async\" src=\"https:\/\/atelierkontakt.com\/wp-content\/uploads\/2025\/02\/000054.jpg\" alt=\"000054\" class=\"wpr-anim-timing-ease-default\"><\/div><div class=\"wpr-grid-media-hover wpr-animation-wrap\"><div class=\"wpr-grid-media-hover-bg  wpr-overlay-fade-in wpr-anim-size-large wpr-anim-timing-ease-default wpr-anim-transparency\" data-url=\"https:\/\/atelierkontakt.com\/acceuil\/?attachment_id=2074\"><\/div><div class=\"wpr-cv-container\"><div class=\"wpr-cv-outer\"><div class=\"wpr-cv-inner\"><div class=\"wpr-grid-media-hover-middle elementor-clearfix\"><div class=\"wpr-grid-item-lightbox elementor-repeater-item-f72714c wpr-grid-item-display-block wpr-grid-item-align-center wpr-element-fade-in wpr-anim-size-large wpr-anim-timing-ease-default wpr-anim-transparency\"><div class=\"inner-block\"><span data-src=\"https:\/\/atelierkontakt.com\/wp-content\/uploads\/2025\/02\/000054.jpg\"><i class=\"fas fa-search\"><\/i><\/span><div class=\"wpr-grid-lightbox-overlay\"><\/div><\/div><\/div><\/div><\/div><\/div><\/div><\/div><\/div><\/div><\/article><\/section>\t\t\t\t<\/div>\n\t\t\t\t<\/div>\n\t\t\t\t\t<\/div>\n\t\t<\/div>\n\t\t\t\t\t<\/div>\n\t\t<\/section>\n\t\t\t\t<\/div>\n\t\t","protected":false},"excerpt":{"rendered":"<p>\u00a0\u00a0\u00c0 l&rsquo;atelier ou lors d&rsquo;un voyage, mon travail s&rsquo;appuie sur des rencontres avec des artisans, cr\u00e9ateurs et habitants.\u00a0\u00a0Mon proc\u00e9d\u00e9 de conception d\u00e9bute par une analyse photographique de mon environnement. Le d\u00e9veloppement et la s\u00e9lection de mes prises me servent \u00e0 esquisser et \u00e0 cr\u00e9er une forme via des logiciels de 3D.\u00a0\u00a0Je cr\u00e9e des moules en bois ou en m\u00e9tal pour donner une forme r\u00e9guli\u00e8re \u00e0 mes cr\u00e9ations, proc\u00e9d\u00e9s que je r\u00e9alise sur des logiciels de CAO.\u00a0\u00a0\u00a0\u00a0 Gallery Bougeoirs terrains villages 59 &#8211; 9;10 &#8211; 2025<\/p>\n","protected":false},"author":1,"featured_media":0,"parent":0,"menu_order":0,"comment_status":"closed","ping_status":"closed","template":"","meta":{"footnotes":""},"class_list":["post-1686","page","type-page","status-publish","hentry"],"_links":{"self":[{"href":"https:\/\/atelierkontakt.com\/acceuil\/index.php?rest_route=\/wp\/v2\/pages\/1686","targetHints":{"allow":["GET"]}}],"collection":[{"href":"https:\/\/atelierkontakt.com\/acceuil\/index.php?rest_route=\/wp\/v2\/pages"}],"about":[{"href":"https:\/\/atelierkontakt.com\/acceuil\/index.php?rest_route=\/wp\/v2\/types\/page"}],"author":[{"embeddable":true,"href":"https:\/\/atelierkontakt.com\/acceuil\/index.php?rest_route=\/wp\/v2\/users\/1"}],"replies":[{"embeddable":true,"href":"https:\/\/atelierkontakt.com\/acceuil\/index.php?rest_route=%2Fwp%2Fv2%2Fcomments&post=1686"}],"version-history":[{"count":240,"href":"https:\/\/atelierkontakt.com\/acceuil\/index.php?rest_route=\/wp\/v2\/pages\/1686\/revisions"}],"predecessor-version":[{"id":3342,"href":"https:\/\/atelierkontakt.com\/acceuil\/index.php?rest_route=\/wp\/v2\/pages\/1686\/revisions\/3342"}],"wp:attachment":[{"href":"https:\/\/atelierkontakt.com\/acceuil\/index.php?rest_route=%2Fwp%2Fv2%2Fmedia&parent=1686"}],"curies":[{"name":"wp","href":"https:\/\/api.w.org\/{rel}","templated":true}]}}